{"id":1755,"date":"2024-12-11T22:02:19","date_gmt":"2024-12-11T22:02:19","guid":{"rendered":"http:\/\/vidriotex.com\/?page_id=1755"},"modified":"2024-12-16T15:49:42","modified_gmt":"2024-12-16T15:49:42","slug":"vcitori-1","status":"publish","type":"page","link":"http:\/\/vidriotex.com\/?page_id=1755","title":{"rendered":"VICTORY"},"content":{"rendered":"\t\t<div data-elementor-type=\"wp-page\" data-elementor-id=\"1755\" class=\"elementor elementor-1755\" data-elementor-settings=\"[]\">\n\t\t\t\t\t\t<div class=\"elementor-inner\">\n\t\t\t\t\t\t\t<div class=\"elementor-section-wrap\">\n\t\t\t\t\t\t\t<section class=\"elementor-section elementor-top-section elementor-element elementor-element-bdd94b5 elementor-section-stretched elementor-section-boxed elementor-section-height-default elementor-section-height-default\" data-id=\"bdd94b5\" data-element_type=\"section\" data-settings=\"{&quot;stretch_section&quot;:&quot;section-stretched&quot;,&quot;background_background&quot;:&quot;classic&quot;}\">\n\t\t\t\t\t\t<div class=\"elementor-container elementor-column-gap-default\">\n\t\t\t\t\t\t\t<div class=\"elementor-row\">\n\t\t\t\t\t<div class=\"elementor-column elementor-col-50 elementor-top-column elementor-element elementor-element-f99c74c\" data-id=\"f99c74c\" data-element_type=\"column\">\n\t\t\t<div class=\"elementor-column-wrap elementor-element-populated\">\n\t\t\t\t\t\t\t<div class=\"elementor-widget-wrap\">\n\t\t\t\t\t\t<div class=\"elementor-element elementor-element-d57b421 elementor-widget elementor-widget-image\" data-id=\"d57b421\" data-element_type=\"widget\" data-widget_type=\"image.default\">\n\t\t\t\t<div class=\"elementor-widget-container\">\n\t\t\t\t\t<div class=\"elementor-image\">\n\t\t\t\t\t\t\t\t\t\t<img loading=\"lazy\" decoding=\"async\" width=\"1024\" height=\"344\" src=\"http:\/\/vidriotex.com\/wp-content\/uploads\/2024\/12\/Vict_BLANCO_Horiz-1024x344.png\" class=\"attachment-large size-large\" alt=\"\" srcset=\"http:\/\/vidriotex.com\/wp-content\/uploads\/2024\/12\/Vict_BLANCO_Horiz-1024x344.png 1024w, http:\/\/vidriotex.com\/wp-content\/uploads\/2024\/12\/Vict_BLANCO_Horiz-300x101.png 300w, http:\/\/vidriotex.com\/wp-content\/uploads\/2024\/12\/Vict_BLANCO_Horiz-768x258.png 768w, http:\/\/vidriotex.com\/wp-content\/uploads\/2024\/12\/Vict_BLANCO_Horiz-1536x516.png 1536w, http:\/\/vidriotex.com\/wp-content\/uploads\/2024\/12\/Vict_BLANCO_Horiz-2048x688.png 2048w, http:\/\/vidriotex.com\/wp-content\/uploads\/2024\/12\/Vict_BLANCO_Horiz-830x279.png 830w, http:\/\/vidriotex.com\/wp-content\/uploads\/2024\/12\/Vict_BLANCO_Horiz-230x77.png 230w, http:\/\/vidriotex.com\/wp-content\/uploads\/2024\/12\/Vict_BLANCO_Horiz-350x118.png 350w, http:\/\/vidriotex.com\/wp-content\/uploads\/2024\/12\/Vict_BLANCO_Horiz-480x161.png 480w, http:\/\/vidriotex.com\/wp-content\/uploads\/2024\/12\/Vict_BLANCO_Horiz-600x202.png 600w\" sizes=\"auto, (max-width: 1024px) 100vw, 1024px\" \/>\t\t\t\t\t\t\t\t\t\t\t<\/div>\n\t\t\t\t<\/div>\n\t\t\t\t<\/div>\n\t\t\t\t<div class=\"elementor-element elementor-element-1556ee1 elementor-widget elementor-widget-heading\" data-id=\"1556ee1\" data-element_type=\"widget\" data-widget_type=\"heading.default\">\n\t\t\t\t<div class=\"elementor-widget-container\">\n\t\t\t<h2 class=\"elementor-heading-title elementor-size-default\">UNIFORMES EMPRESARIALES<\/h2>\t\t<\/div>\n\t\t\t\t<\/div>\n\t\t\t\t<div class=\"elementor-element elementor-element-dd6d215 elementor-widget elementor-widget-image\" data-id=\"dd6d215\" data-element_type=\"widget\" data-widget_type=\"image.default\">\n\t\t\t\t<div class=\"elementor-widget-container\">\n\t\t\t\t\t<div class=\"elementor-image\">\n\t\t\t\t\t\t\t\t\t\t<img loading=\"lazy\" decoding=\"async\" width=\"1024\" height=\"340\" src=\"http:\/\/vidriotex.com\/wp-content\/uploads\/2024\/12\/Minimo-50-piezas-1024x340.png\" class=\"attachment-large size-large\" alt=\"\" srcset=\"http:\/\/vidriotex.com\/wp-content\/uploads\/2024\/12\/Minimo-50-piezas-1024x340.png 1024w, http:\/\/vidriotex.com\/wp-content\/uploads\/2024\/12\/Minimo-50-piezas-300x100.png 300w, http:\/\/vidriotex.com\/wp-content\/uploads\/2024\/12\/Minimo-50-piezas-768x255.png 768w, http:\/\/vidriotex.com\/wp-content\/uploads\/2024\/12\/Minimo-50-piezas-830x275.png 830w, http:\/\/vidriotex.com\/wp-content\/uploads\/2024\/12\/Minimo-50-piezas-230x76.png 230w, http:\/\/vidriotex.com\/wp-content\/uploads\/2024\/12\/Minimo-50-piezas-350x116.png 350w, http:\/\/vidriotex.com\/wp-content\/uploads\/2024\/12\/Minimo-50-piezas-480x159.png 480w, http:\/\/vidriotex.com\/wp-content\/uploads\/2024\/12\/Minimo-50-piezas-600x199.png 600w, http:\/\/vidriotex.com\/wp-content\/uploads\/2024\/12\/Minimo-50-piezas.png 1359w\" sizes=\"auto, (max-width: 1024px) 100vw, 1024px\" \/>\t\t\t\t\t\t\t\t\t\t\t<\/div>\n\t\t\t\t<\/div>\n\t\t\t\t<\/div>\n\t\t\t\t<div class=\"elementor-element elementor-element-ed37b4a elementor-widget elementor-widget-text-editor\" data-id=\"ed37b4a\" data-element_type=\"widget\" data-widget_type=\"text-editor.default\">\n\t\t\t\t<div class=\"elementor-widget-container\">\n\t\t\t\t\t<div class=\"elementor-text-editor elementor-clearfix\"><p>En la l\u00ednea Victory, nos especializamos en el dise\u00f1o y comercializaci\u00f3n de ropa de alta calidad para el \u00e1mbito laboral, con una amplia variedad de opciones que incluyen desde elegantes camisas hasta pr\u00e1cticas chamarras rompevientos.\u00a0<\/p><\/div>\n\t\t\t\t<\/div>\n\t\t\t\t<\/div>\n\t\t\t\t\t\t<\/div>\n\t\t\t\t\t<\/div>\n\t\t<\/div>\n\t\t\t\t<div class=\"elementor-column elementor-col-50 elementor-top-column elementor-element elementor-element-2775d94\" data-id=\"2775d94\" data-element_type=\"column\">\n\t\t\t<div class=\"elementor-column-wrap elementor-element-populated\">\n\t\t\t\t\t\t\t<div class=\"elementor-widget-wrap\">\n\t\t\t\t\t\t<div class=\"elementor-element elementor-element-8090567 elementor-widget elementor-widget-image\" data-id=\"8090567\" data-element_type=\"widget\" data-widget_type=\"image.default\">\n\t\t\t\t<div class=\"elementor-widget-container\">\n\t\t\t\t\t<div class=\"elementor-image\">\n\t\t\t\t\t\t\t\t\t\t<img loading=\"lazy\" decoding=\"async\" width=\"1024\" height=\"490\" src=\"http:\/\/vidriotex.com\/wp-content\/uploads\/2024\/12\/oficinistas-EDIT-1024x490.png\" class=\"attachment-large size-large\" alt=\"\" srcset=\"http:\/\/vidriotex.com\/wp-content\/uploads\/2024\/12\/oficinistas-EDIT-1024x490.png 1024w, http:\/\/vidriotex.com\/wp-content\/uploads\/2024\/12\/oficinistas-EDIT-300x143.png 300w, http:\/\/vidriotex.com\/wp-content\/uploads\/2024\/12\/oficinistas-EDIT-768x367.png 768w, http:\/\/vidriotex.com\/wp-content\/uploads\/2024\/12\/oficinistas-EDIT-1536x735.png 1536w, http:\/\/vidriotex.com\/wp-content\/uploads\/2024\/12\/oficinistas-EDIT-830x397.png 830w, http:\/\/vidriotex.com\/wp-content\/uploads\/2024\/12\/oficinistas-EDIT-230x110.png 230w, http:\/\/vidriotex.com\/wp-content\/uploads\/2024\/12\/oficinistas-EDIT-350x167.png 350w, http:\/\/vidriotex.com\/wp-content\/uploads\/2024\/12\/oficinistas-EDIT-480x230.png 480w, http:\/\/vidriotex.com\/wp-content\/uploads\/2024\/12\/oficinistas-EDIT-600x287.png 600w, http:\/\/vidriotex.com\/wp-content\/uploads\/2024\/12\/oficinistas-EDIT.png 1773w\" sizes=\"auto, (max-width: 1024px) 100vw, 1024px\" \/>\t\t\t\t\t\t\t\t\t\t\t<\/div>\n\t\t\t\t<\/div>\n\t\t\t\t<\/div>\n\t\t\t\t\t\t<\/div>\n\t\t\t\t\t<\/div>\n\t\t<\/div>\n\t\t\t\t\t\t\t\t<\/div>\n\t\t\t\t\t<\/div>\n\t\t<\/section>\n\t\t\t\t<section class=\"elementor-section elementor-top-section elementor-element elementor-element-e71215f elementor-section-stretched elementor-section-boxed elementor-section-height-default elementor-section-height-default\" data-id=\"e71215f\" data-element_type=\"section\" data-settings=\"{&quot;stretch_section&quot;:&quot;section-stretched&quot;,&quot;background_background&quot;:&quot;classic&quot;}\">\n\t\t\t\t\t\t<div class=\"elementor-container elementor-column-gap-default\">\n\t\t\t\t\t\t\t<div class=\"elementor-row\">\n\t\t\t\t\t<div class=\"elementor-column elementor-col-25 elementor-top-column elementor-element elementor-element-9934ea9\" data-id=\"9934ea9\" data-element_type=\"column\">\n\t\t\t<div class=\"elementor-column-wrap elementor-element-populated\">\n\t\t\t\t\t\t\t<div class=\"elementor-widget-wrap\">\n\t\t\t\t\t\t<div class=\"elementor-element elementor-element-a209d23 elementor-view-default elementor-position-top elementor-vertical-align-top elementor-widget elementor-widget-icon-box\" data-id=\"a209d23\" data-element_type=\"widget\" data-widget_type=\"icon-box.default\">\n\t\t\t\t<div class=\"elementor-widget-container\">\n\t\t\t\t\t<div class=\"elementor-icon-box-wrapper\">\n\t\t\t\t\t\t<div class=\"elementor-icon-box-icon\">\n\t\t\t\t<span class=\"elementor-icon elementor-animation-\" >\n\t\t\t\t<i aria-hidden=\"true\" class=\"far fa-newspaper\"><\/i>\t\t\t\t<\/span>\n\t\t\t<\/div>\n\t\t\t\t\t\t<div class=\"elementor-icon-box-content\">\n\t\t\t\t<h3 class=\"elementor-icon-box-title\">\n\t\t\t\t\t<span >PEDIDO M\u00cdNIMO<\/span>\n\t\t\t\t<\/h3>\n\t\t\t\t\t\t\t\t<p class=\"elementor-icon-box-description\">La l\u00ednea StarChef de Corporativo Vidriotex est\u00e1 dise\u00f1ada para empresas que requieren uniformes profesionales en cantidades a partir de 50 piezas.<\/p>\n\t\t\t\t\t\t\t<\/div>\n\t\t<\/div>\n\t\t\t\t<\/div>\n\t\t\t\t<\/div>\n\t\t\t\t\t\t<\/div>\n\t\t\t\t\t<\/div>\n\t\t<\/div>\n\t\t\t\t<div class=\"elementor-column elementor-col-25 elementor-top-column elementor-element elementor-element-fa3db10\" data-id=\"fa3db10\" data-element_type=\"column\">\n\t\t\t<div class=\"elementor-column-wrap elementor-element-populated\">\n\t\t\t\t\t\t\t<div class=\"elementor-widget-wrap\">\n\t\t\t\t\t\t<div class=\"elementor-element elementor-element-a1ca722 elementor-view-default elementor-position-top elementor-vertical-align-top elementor-widget elementor-widget-icon-box\" data-id=\"a1ca722\" data-element_type=\"widget\" data-widget_type=\"icon-box.default\">\n\t\t\t\t<div class=\"elementor-widget-container\">\n\t\t\t\t\t<div class=\"elementor-icon-box-wrapper\">\n\t\t\t\t\t\t<div class=\"elementor-icon-box-icon\">\n\t\t\t\t<span class=\"elementor-icon elementor-animation-\" >\n\t\t\t\t<i aria-hidden=\"true\" class=\"fas fa-check\"><\/i>\t\t\t\t<\/span>\n\t\t\t<\/div>\n\t\t\t\t\t\t<div class=\"elementor-icon-box-content\">\n\t\t\t\t<h3 class=\"elementor-icon-box-title\">\n\t\t\t\t\t<span >CALIDAD GARANTIZADA<\/span>\n\t\t\t\t<\/h3>\n\t\t\t\t\t\t\t\t<p class=\"elementor-icon-box-description\">Nos comprometemos a ofrecer solo lo mejor. Por eso, nuestros uniformes est\u00e1n fabricados con telas importadas de la m\u00e1s alta calidad, garantizando durabilidad, comodidad y un acabado superior.<\/p>\n\t\t\t\t\t\t\t<\/div>\n\t\t<\/div>\n\t\t\t\t<\/div>\n\t\t\t\t<\/div>\n\t\t\t\t\t\t<\/div>\n\t\t\t\t\t<\/div>\n\t\t<\/div>\n\t\t\t\t<div class=\"elementor-column elementor-col-25 elementor-top-column elementor-element elementor-element-598ad87\" data-id=\"598ad87\" data-element_type=\"column\">\n\t\t\t<div class=\"elementor-column-wrap elementor-element-populated\">\n\t\t\t\t\t\t\t<div class=\"elementor-widget-wrap\">\n\t\t\t\t\t\t<div class=\"elementor-element elementor-element-89878c3 elementor-view-default elementor-position-top elementor-vertical-align-top elementor-widget elementor-widget-icon-box\" data-id=\"89878c3\" data-element_type=\"widget\" data-widget_type=\"icon-box.default\">\n\t\t\t\t<div class=\"elementor-widget-container\">\n\t\t\t\t\t<div class=\"elementor-icon-box-wrapper\">\n\t\t\t\t\t\t<div class=\"elementor-icon-box-icon\">\n\t\t\t\t<span class=\"elementor-icon elementor-animation-\" >\n\t\t\t\t<i aria-hidden=\"true\" class=\"fas fa-truck-loading\"><\/i>\t\t\t\t<\/span>\n\t\t\t<\/div>\n\t\t\t\t\t\t<div class=\"elementor-icon-box-content\">\n\t\t\t\t<h3 class=\"elementor-icon-box-title\">\n\t\t\t\t\t<span >ENTREGAS A TIEMPO<\/span>\n\t\t\t\t<\/h3>\n\t\t\t\t\t\t\t\t<p class=\"elementor-icon-box-description\">En SstarChef, valoramos tu tiempo. Por eso, nos aseguramos de que todas nuestras entregas se realicen puntualmente, tal como se acuerda con nuestro vendedor.<\/p>\n\t\t\t\t\t\t\t<\/div>\n\t\t<\/div>\n\t\t\t\t<\/div>\n\t\t\t\t<\/div>\n\t\t\t\t\t\t<\/div>\n\t\t\t\t\t<\/div>\n\t\t<\/div>\n\t\t\t\t<div class=\"elementor-column elementor-col-25 elementor-top-column elementor-element elementor-element-e7738c8\" data-id=\"e7738c8\" data-element_type=\"column\">\n\t\t\t<div class=\"elementor-column-wrap elementor-element-populated\">\n\t\t\t\t\t\t\t<div class=\"elementor-widget-wrap\">\n\t\t\t\t\t\t<div class=\"elementor-element elementor-element-00be70a elementor-view-default elementor-position-top elementor-vertical-align-top elementor-widget elementor-widget-icon-box\" data-id=\"00be70a\" data-element_type=\"widget\" data-widget_type=\"icon-box.default\">\n\t\t\t\t<div class=\"elementor-widget-container\">\n\t\t\t\t\t<div class=\"elementor-icon-box-wrapper\">\n\t\t\t\t\t\t<div class=\"elementor-icon-box-icon\">\n\t\t\t\t<span class=\"elementor-icon elementor-animation-\" >\n\t\t\t\t<i aria-hidden=\"true\" class=\"far fa-grin-stars\"><\/i>\t\t\t\t<\/span>\n\t\t\t<\/div>\n\t\t\t\t\t\t<div class=\"elementor-icon-box-content\">\n\t\t\t\t<h3 class=\"elementor-icon-box-title\">\n\t\t\t\t\t<span >Este es el encabezado<\/span>\n\t\t\t\t<\/h3>\n\t\t\t\t\t\t\t\t<p class=\"elementor-icon-box-description\">No solo realizamos tus uniformes personalizados, sino tambi\u00e9n te asignamos a un ejecutivo de ventas, que te guiar\u00e1 durante todo el proceso.\n\n<\/p>\n\t\t\t\t\t\t\t<\/div>\n\t\t<\/div>\n\t\t\t\t<\/div>\n\t\t\t\t<\/div>\n\t\t\t\t\t\t<\/div>\n\t\t\t\t\t<\/div>\n\t\t<\/div>\n\t\t\t\t\t\t\t\t<\/div>\n\t\t\t\t\t<\/div>\n\t\t<\/section>\n\t\t\t\t<section class=\"elementor-section elementor-top-section elementor-element elementor-element-d458e1c elementor-section-boxed elementor-section-height-default elementor-section-height-default\" data-id=\"d458e1c\" data-element_type=\"section\" data-settings=\"{&quot;background_background&quot;:&quot;classic&quot;}\">\n\t\t\t\t\t\t<div class=\"elementor-container elementor-column-gap-default\">\n\t\t\t\t\t\t\t<div class=\"elementor-row\">\n\t\t\t\t\t<div class=\"elementor-column elementor-col-100 elementor-top-column elementor-element elementor-element-4b7eead\" data-id=\"4b7eead\" data-element_type=\"column\">\n\t\t\t<div class=\"elementor-column-wrap elementor-element-populated\">\n\t\t\t\t\t\t\t<div class=\"elementor-widget-wrap\">\n\t\t\t\t\t\t<div class=\"elementor-element elementor-element-75515c9 elementor-widget elementor-widget-heading\" data-id=\"75515c9\" data-element_type=\"widget\" data-widget_type=\"heading.default\">\n\t\t\t\t<div class=\"elementor-widget-container\">\n\t\t\t<h2 class=\"elementor-heading-title elementor-size-default\">VISTE DE LA MEJOR MANERA A TUS COLABORADORES<\/h2>\t\t<\/div>\n\t\t\t\t<\/div>\n\t\t\t\t<div class=\"elementor-element elementor-element-ceed3dd elementor-widget elementor-widget-text-editor\" data-id=\"ceed3dd\" data-element_type=\"widget\" data-widget_type=\"text-editor.default\">\n\t\t\t\t<div class=\"elementor-widget-container\">\n\t\t\t\t\t<div class=\"elementor-text-editor elementor-clearfix\"><p><strong>La l\u00ednea Victory , te ofrece: camisas, chamarras, pantalones, playeras, y sudaderas.<\/strong><\/p><\/div>\n\t\t\t\t<\/div>\n\t\t\t\t<\/div>\n\t\t\t\t\t\t<\/div>\n\t\t\t\t\t<\/div>\n\t\t<\/div>\n\t\t\t\t\t\t\t\t<\/div>\n\t\t\t\t\t<\/div>\n\t\t<\/section>\n\t\t\t\t<section class=\"elementor-section elementor-top-section elementor-element elementor-element-54c5a16 elementor-section-boxed elementor-section-height-default elementor-section-height-default\" data-id=\"54c5a16\" data-element_type=\"section\">\n\t\t\t\t\t\t<div class=\"elementor-container elementor-column-gap-default\">\n\t\t\t\t\t\t\t<div class=\"elementor-row\">\n\t\t\t\t\t<div class=\"elementor-column elementor-col-16 elementor-top-column elementor-element elementor-element-ba604ad\" data-id=\"ba604ad\" data-element_type=\"column\">\n\t\t\t<div class=\"elementor-column-wrap elementor-element-populated\">\n\t\t\t\t\t\t\t<div class=\"elementor-widget-wrap\">\n\t\t\t\t\t\t<div class=\"elementor-element elementor-element-0cb5694 elementor-widget elementor-widget-heading\" data-id=\"0cb5694\" data-element_type=\"widget\" data-widget_type=\"heading.default\">\n\t\t\t\t<div class=\"elementor-widget-container\">\n\t\t\t<h2 class=\"elementor-heading-title elementor-size-default\">CAMISAS Y PLAYERAS<\/h2>\t\t<\/div>\n\t\t\t\t<\/div>\n\t\t\t\t<div class=\"elementor-element elementor-element-9b9d2db elementor-widget elementor-widget-text-editor\" data-id=\"9b9d2db\" data-element_type=\"widget\" data-widget_type=\"text-editor.default\">\n\t\t\t\t<div class=\"elementor-widget-container\">\n\t\t\t\t\t<div class=\"elementor-text-editor elementor-clearfix\"><p>Composici\u00f3n 50% poli\u00e9ster con 50% algod\u00f3n- todos los colores-tallas desde la 28 hasta las 44.<\/p><\/div>\n\t\t\t\t<\/div>\n\t\t\t\t<\/div>\n\t\t\t\t<div class=\"elementor-element elementor-element-8c944e1 elementor-widget elementor-widget-heading\" data-id=\"8c944e1\" data-element_type=\"widget\" data-widget_type=\"heading.default\">\n\t\t\t\t<div class=\"elementor-widget-container\">\n\t\t\t<h2 class=\"elementor-heading-title elementor-size-default\">CHAMARRAS<\/h2>\t\t<\/div>\n\t\t\t\t<\/div>\n\t\t\t\t<div class=\"elementor-element elementor-element-9c1875d elementor-widget elementor-widget-text-editor\" data-id=\"9c1875d\" data-element_type=\"widget\" data-widget_type=\"text-editor.default\">\n\t\t\t\t<div class=\"elementor-widget-container\">\n\t\t\t\t\t<div class=\"elementor-text-editor elementor-clearfix\"><p>Composici\u00f3n 100% poli\u00e9ster- color negro, gris, vino, naranja y caf\u00e9- tallas desde la 28 hasta las 44.<\/p><\/div>\n\t\t\t\t<\/div>\n\t\t\t\t<\/div>\n\t\t\t\t\t\t<\/div>\n\t\t\t\t\t<\/div>\n\t\t<\/div>\n\t\t\t\t<div class=\"elementor-column elementor-col-66 elementor-top-column elementor-element elementor-element-44f5015\" data-id=\"44f5015\" data-element_type=\"column\">\n\t\t\t<div class=\"elementor-column-wrap elementor-element-populated\">\n\t\t\t\t\t\t\t<div class=\"elementor-widget-wrap\">\n\t\t\t\t\t\t<div class=\"elementor-element elementor-element-5e417d4 elementor-arrows-position-inside elementor-pagination-position-outside elementor-widget elementor-widget-image-carousel\" data-id=\"5e417d4\" data-element_type=\"widget\" data-settings=\"{&quot;image_spacing_custom&quot;:{&quot;unit&quot;:&quot;px&quot;,&quot;size&quot;:37,&quot;sizes&quot;:[]},&quot;autoplay_speed&quot;:1000,&quot;navigation&quot;:&quot;both&quot;,&quot;autoplay&quot;:&quot;yes&quot;,&quot;pause_on_hover&quot;:&quot;yes&quot;,&quot;pause_on_interaction&quot;:&quot;yes&quot;,&quot;infinite&quot;:&quot;yes&quot;,&quot;speed&quot;:500}\" data-widget_type=\"image-carousel.default\">\n\t\t\t\t<div class=\"elementor-widget-container\">\n\t\t\t\t\t<div class=\"elementor-image-carousel-wrapper swiper-container\" dir=\"ltr\">\n\t\t\t<div class=\"elementor-image-carousel swiper-wrapper\">\n\t\t\t\t<div class=\"swiper-slide\"><figure class=\"swiper-slide-inner\"><img decoding=\"async\" class=\"swiper-slide-image\" src=\"http:\/\/vidriotex.com\/wp-content\/uploads\/2024\/12\/CAMISAS-2-VIC-300x289.png\" alt=\"CAMISAS 2 VIC\" \/><\/figure><\/div><div class=\"swiper-slide\"><figure class=\"swiper-slide-inner\"><img decoding=\"async\" class=\"swiper-slide-image\" src=\"http:\/\/vidriotex.com\/wp-content\/uploads\/2024\/12\/CHAMARRAS-VIC-300x289.png\" alt=\"CHAMARRAS VIC\" \/><\/figure><\/div><div class=\"swiper-slide\"><figure class=\"swiper-slide-inner\"><img decoding=\"async\" class=\"swiper-slide-image\" src=\"http:\/\/vidriotex.com\/wp-content\/uploads\/2024\/12\/PLAYERAS-P-VIC-300x289.png\" alt=\"PLAYERAS P VIC\" \/><\/figure><\/div><div class=\"swiper-slide\"><figure class=\"swiper-slide-inner\"><img decoding=\"async\" class=\"swiper-slide-image\" src=\"http:\/\/vidriotex.com\/wp-content\/uploads\/2024\/12\/PANTALONES-VIC-300x289.png\" alt=\"PANTALONES VIC\" \/><\/figure><\/div><div class=\"swiper-slide\"><figure class=\"swiper-slide-inner\"><img decoding=\"async\" class=\"swiper-slide-image\" src=\"http:\/\/vidriotex.com\/wp-content\/uploads\/2024\/12\/SUDADERAS-VIC-300x289.png\" alt=\"SUDADERAS VIC\" \/><\/figure><\/div><div class=\"swiper-slide\"><figure class=\"swiper-slide-inner\"><img decoding=\"async\" class=\"swiper-slide-image\" src=\"http:\/\/vidriotex.com\/wp-content\/uploads\/2024\/12\/CAMISAS-1-VIC-300x289.png\" alt=\"CAMISAS 1 VIC\" \/><\/figure><\/div>\t\t\t<\/div>\n\t\t\t\t\t\t\t\t\t\t\t\t<div class=\"swiper-pagination\"><\/div>\n\t\t\t\t\t\t\t\t\t\t\t\t\t<div class=\"elementor-swiper-button elementor-swiper-button-prev\">\n\t\t\t\t\t\t<i class=\"eicon-chevron-left\" aria-hidden=\"true\"><\/i>\n\t\t\t\t\t\t<span class=\"elementor-screen-only\">Anterior<\/span>\n\t\t\t\t\t<\/div>\n\t\t\t\t\t<div class=\"elementor-swiper-button elementor-swiper-button-next\">\n\t\t\t\t\t\t<i class=\"eicon-chevron-right\" aria-hidden=\"true\"><\/i>\n\t\t\t\t\t\t<span class=\"elementor-screen-only\">Siguiente<\/span>\n\t\t\t\t\t<\/div>\n\t\t\t\t\t\t\t\t\t<\/div>\n\t\t\t\t<\/div>\n\t\t\t\t<\/div>\n\t\t\t\t\t\t<\/div>\n\t\t\t\t\t<\/div>\n\t\t<\/div>\n\t\t\t\t<div class=\"elementor-column elementor-col-16 elementor-top-column elementor-element elementor-element-bf79388\" data-id=\"bf79388\" data-element_type=\"column\">\n\t\t\t<div class=\"elementor-column-wrap elementor-element-populated\">\n\t\t\t\t\t\t\t<div class=\"elementor-widget-wrap\">\n\t\t\t\t\t\t<div class=\"elementor-element elementor-element-40f1ee4 elementor-widget elementor-widget-heading\" data-id=\"40f1ee4\" data-element_type=\"widget\" data-widget_type=\"heading.default\">\n\t\t\t\t<div class=\"elementor-widget-container\">\n\t\t\t<h2 class=\"elementor-heading-title elementor-size-default\">PANTALONES<\/h2>\t\t<\/div>\n\t\t\t\t<\/div>\n\t\t\t\t<div class=\"elementor-element elementor-element-d2499a7 elementor-widget elementor-widget-text-editor\" data-id=\"d2499a7\" data-element_type=\"widget\" data-widget_type=\"text-editor.default\">\n\t\t\t\t<div class=\"elementor-widget-container\">\n\t\t\t\t\t<div class=\"elementor-text-editor elementor-clearfix\"><p>Composici\u00f3n 72% poli\u00e9ster, 25% algod\u00f3n, y 3% elastano- color negro, caf\u00e9, beige, gris y blanco- tallas desde la XS hasta las XXXL.<\/p><\/div>\n\t\t\t\t<\/div>\n\t\t\t\t<\/div>\n\t\t\t\t<div class=\"elementor-element elementor-element-26c5315 elementor-widget elementor-widget-heading\" data-id=\"26c5315\" data-element_type=\"widget\" data-widget_type=\"heading.default\">\n\t\t\t\t<div class=\"elementor-widget-container\">\n\t\t\t<h2 class=\"elementor-heading-title elementor-size-default\">SUDADERAS<\/h2>\t\t<\/div>\n\t\t\t\t<\/div>\n\t\t\t\t<div class=\"elementor-element elementor-element-ef79982 elementor-widget elementor-widget-text-editor\" data-id=\"ef79982\" data-element_type=\"widget\" data-widget_type=\"text-editor.default\">\n\t\t\t\t<div class=\"elementor-widget-container\">\n\t\t\t\t\t<div class=\"elementor-text-editor elementor-clearfix\"><p>Composici\u00f3n: 50% algod\u00f3n 50% poli\u00e9ster- color verde, rojo, negro, blanco y azul.<\/p><\/div>\n\t\t\t\t<\/div>\n\t\t\t\t<\/div>\n\t\t\t\t\t\t<\/div>\n\t\t\t\t\t<\/div>\n\t\t<\/div>\n\t\t\t\t\t\t\t\t<\/div>\n\t\t\t\t\t<\/div>\n\t\t<\/section>\n\t\t\t\t<section class=\"elementor-section elementor-top-section elementor-element elementor-element-837c853 elementor-section-boxed elementor-section-height-default elementor-section-height-default\" data-id=\"837c853\" data-element_type=\"section\">\n\t\t\t\t\t\t<div class=\"elementor-container elementor-column-gap-default\">\n\t\t\t\t\t\t\t<div class=\"elementor-row\">\n\t\t\t\t\t<div class=\"elementor-column elementor-col-100 elementor-top-column elementor-element elementor-element-6ad8e55\" data-id=\"6ad8e55\" data-element_type=\"column\">\n\t\t\t<div class=\"elementor-column-wrap\">\n\t\t\t\t\t\t\t<div class=\"elementor-widget-wrap\">\n\t\t\t\t\t\t\t\t<\/div>\n\t\t\t\t\t<\/div>\n\t\t<\/div>\n\t\t\t\t\t\t\t\t<\/div>\n\t\t\t\t\t<\/div>\n\t\t<\/section>\n\t\t\t\t\t\t<\/div>\n\t\t\t\t\t\t<\/div>\n\t\t\t\t\t<\/div>\n\t\t","protected":false},"excerpt":{"rendered":"<p>UNIFORMES EMPRESARIALES En la l\u00ednea Victory, nos especializamos en el dise\u00f1o y comercializaci\u00f3n de ropa de alta calidad para el \u00e1mbito laboral, con una amplia variedad de opciones que incluyen desde elegantes camisas hasta pr\u00e1cticas chamarras rompevientos.\u00a0 PEDIDO M\u00cdNIMO La l\u00ednea StarChef de Corporativo Vidriotex est\u00e1 dise\u00f1ada para empresas que requieren uniformes profesionales en cantidades [&hellip;]<\/p>\n","protected":false},"author":1,"featured_media":0,"parent":0,"menu_order":0,"comment_status":"closed","ping_status":"closed","template":"page-templates\/page_front-page.php","meta":{"footnotes":""},"class_list":["post-1755","page","type-page","status-publish","hentry"],"_links":{"self":[{"href":"http:\/\/vidriotex.com\/index.php?rest_route=\/wp\/v2\/pages\/1755","targetHints":{"allow":["GET"]}}],"collection":[{"href":"http:\/\/vidriotex.com\/index.php?rest_route=\/wp\/v2\/pages"}],"about":[{"href":"http:\/\/vidriotex.com\/index.php?rest_route=\/wp\/v2\/types\/page"}],"author":[{"embeddable":true,"href":"http:\/\/vidriotex.com\/index.php?rest_route=\/wp\/v2\/users\/1"}],"replies":[{"embeddable":true,"href":"http:\/\/vidriotex.com\/index.php?rest_route=%2Fwp%2Fv2%2Fcomments&post=1755"}],"version-history":[{"count":57,"href":"http:\/\/vidriotex.com\/index.php?rest_route=\/wp\/v2\/pages\/1755\/revisions"}],"predecessor-version":[{"id":1829,"href":"http:\/\/vidriotex.com\/index.php?rest_route=\/wp\/v2\/pages\/1755\/revisions\/1829"}],"wp:attachment":[{"href":"http:\/\/vidriotex.com\/index.php?rest_route=%2Fwp%2Fv2%2Fmedia&parent=1755"}],"curies":[{"name":"wp","href":"https:\/\/api.w.org\/{rel}","templated":true}]}}